{"id":930,"date":"2025-05-12T14:16:33","date_gmt":"2025-05-12T14:16:33","guid":{"rendered":"https:\/\/bladethrowers.shop\/?post_type=product&#038;p=930"},"modified":"2025-05-13T18:56:30","modified_gmt":"2025-05-13T18:56:30","slug":"combat-mini-no-spin-throwing-knife-250mm-160g","status":"publish","type":"product","link":"https:\/\/bladethrowers.shop\/de\/product\/combat-mini-no-spin-throwing-knife-250mm-160g\/","title":{"rendered":"Combat Mini No-Spin Wurfmesser \u2013 250 mm (9,8 Zoll), 160 g, 4 mm dick, Kohlenstoffstahl von NozhTop"},"content":{"rendered":"<p>Combat Mini No-Spin Wurfmesser von NozhTop \u2013 eine leichte, anf\u00e4ngerfreundliche Option, die f\u00fcr Pr\u00e4zision, Kontrolle und Benutzerfreundlichkeit bei No-Spin-Wurfstilen wie SKANF entwickelt wurde.<\/p>\n<p>Dieses 250 mm lange Messer wiegt nur 160 g und ist somit ideal f\u00fcr Anf\u00e4nger, die ihre Technik verbessern m\u00f6chten. Seine ausgewogene Geometrie und der schlanke 4 mm R\u00fccken bieten genau das richtige Gewicht f\u00fcr sichere W\u00fcrfe, ohne die Hand zu erm\u00fcden.<\/p>\n<p>Das gerade Profil vereinfacht die Kontrolle beim Abwurf, w\u00e4hrend der schwerere Griff den Wurfimpuls verbessert und dem Schl\u00e4ger einen nat\u00fcrlichen, stabilen Flug verleiht. Egal, ob Sie gerade erst mit dem Sport beginnen oder ein zuverl\u00e4ssiges \u00dcbungsger\u00e4t suchen \u2013 der Combat Mini bietet professionelle Leistung in leichterer Form.<\/p>\n<p>Jedes St\u00fcck ist handgefertigt aus hochwertigem Kohlenstofffederstahl mit einem robusten Stonewashed- oder polierten Finish (je nach Charge) und verbindet Haltbarkeit mit einer klaren \u00c4sthetik.<\/p>\n<p>Immer vorr\u00e4tig. Der Versand erfolgt innerhalb von 48 Stunden nach Zahlungseingang.<\/p>\n<h4>Wesentliche Merkmale<\/h4>\n<ul>\n<li>Speziell f\u00fcr No-Spin- und SKANF-Techniken entwickelt<\/li>\n<li>Leicht und fehlerverzeihend \u2013 perfekt f\u00fcr Anf\u00e4nger<\/li>\n<li>Gerader R\u00fccken f\u00fcr bessere Flugkontrolle<\/li>\n<li>Schwerer Griff verbessert die Wurfbeschleunigung<\/li>\n<li>Handgefertigt aus starkem Kohlenstofffederstahl<\/li>\n<\/ul>\n<h4>Technische Daten<\/h4>\n<table>\n<tbody>\n<tr>\n<td><strong>Gewicht<\/strong><\/td>\n<td>160 g \/ 5.6 oz<\/td>\n<\/tr>\n<tr>\n<td><strong>Gesamtl\u00e4nge<\/strong><\/td>\n<td>9.8 in \/ 250 mm<\/td>\n<\/tr>\n<tr>\n<td><strong>Dicke der Klinge<\/strong><\/td>\n<td>0.16 in \/ 4 mm<\/td>\n<\/tr>\n<tr>\n<td><strong>Material<\/strong><\/td>\n<td>Handgefertigter Federkohlenstoffstahl<\/td>\n<\/tr>\n<tr>\n<td><strong>Stil des Werfens<\/strong><\/td>\n<td>Kein Schleudern, SKANF<\/td>\n<\/tr>\n<tr>\n<td><strong>Oberfl\u00e4che<\/strong><\/td>\n<td>Stonewashed oder poliert (variiert je nach Charge)<\/td>\n<\/tr>\n<tr>\n<td><strong>Mantel<\/strong><\/td>\n<td>Nicht enthalten (separat erh\u00e4ltlich)<\/td>\n<\/tr>\n<\/tbody>\n<\/table>","protected":false},"excerpt":{"rendered":"<p class=\"\" data-start=\"397\" data-end=\"558\">Combat Mini \u2013 handgefertigtes, drehfreies Wurfmesser, 250 mm lang, 160 g schwer, 4 mm dick. Ideal f\u00fcr SKANF-Anf\u00e4nger. Versand innerhalb von 48 Stunden ab Lager.<\/p>","protected":false},"featured_media":577,"comment_status":"open","ping_status":"closed","template":"","meta":{"inline_featured_image":false},"product_brand":[],"product_cat":[20],"product_tag":[474,140,153,160,370,218,476,94,101,162,92,475,365],"class_list":{"0":"post-930","1":"product","2":"type-product","3":"status-publish","4":"has-post-thumbnail","6":"product_cat-throwing-knives","7":"product_tag-160g-throwing-knife","8":"product_tag-250mm-knife","9":"product_tag-beginner-throwing-knife","10":"product_tag-carbon-steel-blade","11":"product_tag-combat-knife","12":"product_tag-handmade-knife","13":"product_tag-lightweight-thrower","14":"product_tag-no-spin-knife","15":"product_tag-no-spin-throwing","16":"product_tag-nozhtop-knife","17":"product_tag-skanf-knife","18":"product_tag-throwing-knife-for-sport","19":"product_tag-training-knife","21":"first","22":"instock","23":"sale","24":"shipping-taxable","25":"purchasable","26":"product-type-simple"},"acf":[],"yoast_head":"<!-- This site is optimized with the Yoast SEO plugin v25.2 - https:\/\/yoast.com\/wordpress\/plugins\/seo\/ -->\n<title>Combat Mini No-Spin Throwing Knife \u2013 250mm (9.8in), 160g, 4mm Thick, Carbon Steel by NozhTop - Blade Throwers<\/title>\n<meta name=\"description\" content=\"Combat Mini \u2013 handcrafted no-spin throwing knife, 250mm long, 160g weight, 4mm thick. Ideal for SKANF beginners. Ships in 48h from stock.\" \/>\n<meta name=\"robots\" content=\"index, follow, max-snippet:-1, max-image-preview:large, max-video-preview:-1\" \/>\n<link rel=\"canonical\" href=\"https:\/\/bladethrowers.shop\/de\/product\/combat-mini-no-spin-throwing-knife-250mm-160g\/\" \/>\n<meta property=\"og:locale\" content=\"de_DE\" \/>\n<meta property=\"og:type\" content=\"article\" \/>\n<meta property=\"og:title\" content=\"Combat Mini No-Spin Throwing Knife \u2013 250mm (9.8in), 160g, 4mm Thick, Carbon Steel by NozhTop - Blade Throwers\" \/>\n<meta property=\"og:description\" content=\"Combat Mini \u2013 handcrafted no-spin throwing knife, 250mm long, 160g weight, 4mm thick. Ideal for SKANF beginners. Ships in 48h from stock.\" \/>\n<meta property=\"og:url\" content=\"https:\/\/bladethrowers.shop\/de\/product\/combat-mini-no-spin-throwing-knife-250mm-160g\/\" \/>\n<meta property=\"og:site_name\" content=\"Blade Throwers\" \/>\n<meta property=\"article:modified_time\" content=\"2025-05-13T18:56:30+00:00\" \/>\n<meta property=\"og:image\" content=\"https:\/\/bladethrowers.shop\/wp-content\/uploads\/2025\/05\/1930.png\" \/>\n\t<meta property=\"og:image:width\" content=\"800\" \/>\n\t<meta property=\"og:image:height\" content=\"800\" \/>\n\t<meta property=\"og:image:type\" content=\"image\/png\" \/>\n<meta name=\"twitter:card\" content=\"summary_large_image\" \/>\n<meta name=\"twitter:label1\" content=\"Gesch\u00e4tzte Lesezeit\" \/>\n\t<meta name=\"twitter:data1\" content=\"2\u00a0Minuten\" \/>\n<script type=\"application\/ld+json\" class=\"yoast-schema-graph\">{\"@context\":\"https:\/\/schema.org\",\"@graph\":[{\"@type\":\"WebPage\",\"@id\":\"https:\/\/bladethrowers.shop\/product\/combat-mini-no-spin-throwing-knife-250mm-160g\/\",\"url\":\"https:\/\/bladethrowers.shop\/product\/combat-mini-no-spin-throwing-knife-250mm-160g\/\",\"name\":\"Combat Mini No-Spin Throwing Knife \u2013 250mm (9.8in), 160g, 4mm Thick, Carbon Steel by NozhTop - Blade Throwers\",\"isPartOf\":{\"@id\":\"https:\/\/bladethrowers.shop\/#website\"},\"primaryImageOfPage\":{\"@id\":\"https:\/\/bladethrowers.shop\/product\/combat-mini-no-spin-throwing-knife-250mm-160g\/#primaryimage\"},\"image\":{\"@id\":\"https:\/\/bladethrowers.shop\/product\/combat-mini-no-spin-throwing-knife-250mm-160g\/#primaryimage\"},\"thumbnailUrl\":\"https:\/\/bladethrowers.shop\/wp-content\/uploads\/2025\/05\/1930.png\",\"datePublished\":\"2025-05-12T14:16:33+00:00\",\"dateModified\":\"2025-05-13T18:56:30+00:00\",\"description\":\"Combat Mini \u2013 handcrafted no-spin throwing knife, 250mm long, 160g weight, 4mm thick. Ideal for SKANF beginners. Ships in 48h from stock.\",\"breadcrumb\":{\"@id\":\"https:\/\/bladethrowers.shop\/product\/combat-mini-no-spin-throwing-knife-250mm-160g\/#breadcrumb\"},\"inLanguage\":\"de\",\"potentialAction\":[{\"@type\":\"ReadAction\",\"target\":[\"https:\/\/bladethrowers.shop\/product\/combat-mini-no-spin-throwing-knife-250mm-160g\/\"]}]},{\"@type\":\"ImageObject\",\"inLanguage\":\"de\",\"@id\":\"https:\/\/bladethrowers.shop\/product\/combat-mini-no-spin-throwing-knife-250mm-160g\/#primaryimage\",\"url\":\"https:\/\/bladethrowers.shop\/wp-content\/uploads\/2025\/05\/1930.png\",\"contentUrl\":\"https:\/\/bladethrowers.shop\/wp-content\/uploads\/2025\/05\/1930.png\",\"width\":800,\"height\":800},{\"@type\":\"BreadcrumbList\",\"@id\":\"https:\/\/bladethrowers.shop\/product\/combat-mini-no-spin-throwing-knife-250mm-160g\/#breadcrumb\",\"itemListElement\":[{\"@type\":\"ListItem\",\"position\":1,\"name\":\"\u0413\u043e\u043b\u043e\u0432\u043d\u0430\",\"item\":\"https:\/\/bladethrowers.shop\/\"},{\"@type\":\"ListItem\",\"position\":2,\"name\":\"Shop\",\"item\":\"https:\/\/bladethrowers.shop\/shop\/\"},{\"@type\":\"ListItem\",\"position\":3,\"name\":\"Combat Mini No-Spin Throwing Knife \u2013 250mm (9.8in), 160g, 4mm Thick, Carbon Steel by NozhTop\"}]},{\"@type\":\"WebSite\",\"@id\":\"https:\/\/bladethrowers.shop\/#website\",\"url\":\"https:\/\/bladethrowers.shop\/\",\"name\":\"Blade Throwers\",\"description\":\"Throwing Knives and Axes Shop\",\"publisher\":{\"@id\":\"https:\/\/bladethrowers.shop\/#organization\"},\"potentialAction\":[{\"@type\":\"SearchAction\",\"target\":{\"@type\":\"EntryPoint\",\"urlTemplate\":\"https:\/\/bladethrowers.shop\/?s={search_term_string}\"},\"query-input\":{\"@type\":\"PropertyValueSpecification\",\"valueRequired\":true,\"valueName\":\"search_term_string\"}}],\"inLanguage\":\"de\"},{\"@type\":\"Organization\",\"@id\":\"https:\/\/bladethrowers.shop\/#organization\",\"name\":\"Blade Throwers\",\"url\":\"https:\/\/bladethrowers.shop\/\",\"logo\":{\"@type\":\"ImageObject\",\"inLanguage\":\"de\",\"@id\":\"https:\/\/bladethrowers.shop\/#\/schema\/logo\/image\/\",\"url\":\"https:\/\/bladethrowers.shop\/wp-content\/uploads\/2025\/05\/photo_2025-05-02_15-29-47-1-1-Photoroom.png\",\"contentUrl\":\"https:\/\/bladethrowers.shop\/wp-content\/uploads\/2025\/05\/photo_2025-05-02_15-29-47-1-1-Photoroom.png\",\"width\":1280,\"height\":790,\"caption\":\"Blade Throwers\"},\"image\":{\"@id\":\"https:\/\/bladethrowers.shop\/#\/schema\/logo\/image\/\"}}]}<\/script>\n<!-- \/ Yoast SEO plugin. -->","yoast_head_json":{"title":"Combat Mini No-Spin Throwing Knife \u2013 250mm (9.8in), 160g, 4mm Thick, Carbon Steel by NozhTop - Blade Throwers","description":"Combat Mini \u2013 handcrafted no-spin throwing knife, 250mm long, 160g weight, 4mm thick. Ideal for SKANF beginners. Ships in 48h from stock.","robots":{"index":"index","follow":"follow","max-snippet":"max-snippet:-1","max-image-preview":"max-image-preview:large","max-video-preview":"max-video-preview:-1"},"canonical":"https:\/\/bladethrowers.shop\/de\/product\/combat-mini-no-spin-throwing-knife-250mm-160g\/","og_locale":"de_DE","og_type":"article","og_title":"Combat Mini No-Spin Throwing Knife \u2013 250mm (9.8in), 160g, 4mm Thick, Carbon Steel by NozhTop - Blade Throwers","og_description":"Combat Mini \u2013 handcrafted no-spin throwing knife, 250mm long, 160g weight, 4mm thick. Ideal for SKANF beginners. Ships in 48h from stock.","og_url":"https:\/\/bladethrowers.shop\/de\/product\/combat-mini-no-spin-throwing-knife-250mm-160g\/","og_site_name":"Blade Throwers","article_modified_time":"2025-05-13T18:56:30+00:00","og_image":[{"width":800,"height":800,"url":"https:\/\/bladethrowers.shop\/wp-content\/uploads\/2025\/05\/1930.png","type":"image\/png"}],"twitter_card":"summary_large_image","twitter_misc":{"Gesch\u00e4tzte Lesezeit":"2\u00a0Minuten"},"schema":{"@context":"https:\/\/schema.org","@graph":[{"@type":"WebPage","@id":"https:\/\/bladethrowers.shop\/product\/combat-mini-no-spin-throwing-knife-250mm-160g\/","url":"https:\/\/bladethrowers.shop\/product\/combat-mini-no-spin-throwing-knife-250mm-160g\/","name":"Combat Mini No-Spin Throwing Knife \u2013 250mm (9.8in), 160g, 4mm Thick, Carbon Steel by NozhTop - Blade Throwers","isPartOf":{"@id":"https:\/\/bladethrowers.shop\/#website"},"primaryImageOfPage":{"@id":"https:\/\/bladethrowers.shop\/product\/combat-mini-no-spin-throwing-knife-250mm-160g\/#primaryimage"},"image":{"@id":"https:\/\/bladethrowers.shop\/product\/combat-mini-no-spin-throwing-knife-250mm-160g\/#primaryimage"},"thumbnailUrl":"https:\/\/bladethrowers.shop\/wp-content\/uploads\/2025\/05\/1930.png","datePublished":"2025-05-12T14:16:33+00:00","dateModified":"2025-05-13T18:56:30+00:00","description":"Combat Mini \u2013 handcrafted no-spin throwing knife, 250mm long, 160g weight, 4mm thick. Ideal for SKANF beginners. Ships in 48h from stock.","breadcrumb":{"@id":"https:\/\/bladethrowers.shop\/product\/combat-mini-no-spin-throwing-knife-250mm-160g\/#breadcrumb"},"inLanguage":"de","potentialAction":[{"@type":"ReadAction","target":["https:\/\/bladethrowers.shop\/product\/combat-mini-no-spin-throwing-knife-250mm-160g\/"]}]},{"@type":"ImageObject","inLanguage":"de","@id":"https:\/\/bladethrowers.shop\/product\/combat-mini-no-spin-throwing-knife-250mm-160g\/#primaryimage","url":"https:\/\/bladethrowers.shop\/wp-content\/uploads\/2025\/05\/1930.png","contentUrl":"https:\/\/bladethrowers.shop\/wp-content\/uploads\/2025\/05\/1930.png","width":800,"height":800},{"@type":"BreadcrumbList","@id":"https:\/\/bladethrowers.shop\/product\/combat-mini-no-spin-throwing-knife-250mm-160g\/#breadcrumb","itemListElement":[{"@type":"ListItem","position":1,"name":"\u0413\u043e\u043b\u043e\u0432\u043d\u0430","item":"https:\/\/bladethrowers.shop\/"},{"@type":"ListItem","position":2,"name":"Shop","item":"https:\/\/bladethrowers.shop\/shop\/"},{"@type":"ListItem","position":3,"name":"Combat Mini No-Spin Throwing Knife \u2013 250mm (9.8in), 160g, 4mm Thick, Carbon Steel by NozhTop"}]},{"@type":"WebSite","@id":"https:\/\/bladethrowers.shop\/#website","url":"https:\/\/bladethrowers.shop\/","name":"Blade Throwers","description":"Throwing Knives and Axes Shop","publisher":{"@id":"https:\/\/bladethrowers.shop\/#organization"},"potentialAction":[{"@type":"SearchAction","target":{"@type":"EntryPoint","urlTemplate":"https:\/\/bladethrowers.shop\/?s={search_term_string}"},"query-input":{"@type":"PropertyValueSpecification","valueRequired":true,"valueName":"search_term_string"}}],"inLanguage":"de"},{"@type":"Organization","@id":"https:\/\/bladethrowers.shop\/#organization","name":"Blade Throwers","url":"https:\/\/bladethrowers.shop\/","logo":{"@type":"ImageObject","inLanguage":"de","@id":"https:\/\/bladethrowers.shop\/#\/schema\/logo\/image\/","url":"https:\/\/bladethrowers.shop\/wp-content\/uploads\/2025\/05\/photo_2025-05-02_15-29-47-1-1-Photoroom.png","contentUrl":"https:\/\/bladethrowers.shop\/wp-content\/uploads\/2025\/05\/photo_2025-05-02_15-29-47-1-1-Photoroom.png","width":1280,"height":790,"caption":"Blade Throwers"},"image":{"@id":"https:\/\/bladethrowers.shop\/#\/schema\/logo\/image\/"}}]}},"_links":{"self":[{"href":"https:\/\/bladethrowers.shop\/de\/wp-json\/wp\/v2\/product\/930","targetHints":{"allow":["GET"]}}],"collection":[{"href":"https:\/\/bladethrowers.shop\/de\/wp-json\/wp\/v2\/product"}],"about":[{"href":"https:\/\/bladethrowers.shop\/de\/wp-json\/wp\/v2\/types\/product"}],"replies":[{"embeddable":true,"href":"https:\/\/bladethrowers.shop\/de\/wp-json\/wp\/v2\/comments?post=930"}],"wp:featuredmedia":[{"embeddable":true,"href":"https:\/\/bladethrowers.shop\/de\/wp-json\/wp\/v2\/media\/577"}],"wp:attachment":[{"href":"https:\/\/bladethrowers.shop\/de\/wp-json\/wp\/v2\/media?parent=930"}],"wp:term":[{"taxonomy":"product_brand","embeddable":true,"href":"https:\/\/bladethrowers.shop\/de\/wp-json\/wp\/v2\/product_brand?post=930"},{"taxonomy":"product_cat","embeddable":true,"href":"https:\/\/bladethrowers.shop\/de\/wp-json\/wp\/v2\/product_cat?post=930"},{"taxonomy":"product_tag","embeddable":true,"href":"https:\/\/bladethrowers.shop\/de\/wp-json\/wp\/v2\/product_tag?post=930"}],"curies":[{"name":"wp","href":"https:\/\/api.w.org\/{rel}","templated":true}]}}