{"id":573,"date":"2025-05-05T17:27:27","date_gmt":"2025-05-05T17:27:27","guid":{"rendered":"https:\/\/bladethrowers.shop\/?post_type=product&#038;p=573"},"modified":"2025-05-16T11:05:39","modified_gmt":"2025-05-16T11:05:39","slug":"lider-throwing-knife-set-leather-sheath","status":"publish","type":"product","link":"https:\/\/bladethrowers.shop\/fr\/product\/lider-throwing-knife-set-leather-sheath\/","title":{"rendered":"Ensemble de 3 couteaux de lancer Lider \u2013 \u00c9tui sport en cuir noir inclus, 270 mm (10,6 po), acier \u00e0 ressort su\u00e9dois par NozhTop"},"content":{"rendered":"<p><strong>Le couteau de lancer Lider est con\u00e7u pour la pr\u00e9cision, la stabilit\u00e9 et la confiance \u00e0 moyenne et longue distance. Sa forme allong\u00e9e et sa g\u00e9om\u00e9trie \u00e9pur\u00e9e le rendent adapt\u00e9 aux techniques de lancer traditionnel et invers\u00e9, ainsi qu'au style Skanf, une m\u00e9thode de lancer irr\u00e9versible privil\u00e9giant la trajectoire directe et la pr\u00e9cision de l'impact.<\/strong><\/p>\n<p><strong>Le manche se transforme en une lame effil\u00e9e, offrant une prise en main constante et une rotation pr\u00e9visible. Fabriqu\u00e9 en acier \u00e0 ressort durable, le Lider offre une excellente r\u00e9sistance aux chocs et un excellent contr\u00f4le, id\u00e9al pour l'entra\u00eenement comme pour la comp\u00e9tition.<\/strong><\/p>\n<h4>Sp\u00e9cifications techniques<\/h4>\n<table>\n<tbody>\n<tr>\n<td><strong>Weight<\/strong><\/td>\n<td>220 g \/ 7.76 oz<\/td>\n<\/tr>\n<tr>\n<td><strong>Longueur totale<\/strong><\/td>\n<td>10.63 in \/ 270 mm<\/td>\n<\/tr>\n<tr>\n<td><strong>\u00c9paisseur de la lame<\/strong><\/td>\n<td>0.24 in \/ 6 mm<\/td>\n<\/tr>\n<tr>\n<td><strong>Mat\u00e9riel<\/strong><\/td>\n<td>Acier \u00e0 ressort (trait\u00e9 thermiquement)<\/td>\n<\/tr>\n<tr>\n<td><strong>Style de lancer<\/strong><\/td>\n<td>Spin, Reverse-Spin, Skanf (non r\u00e9versible)<\/td>\n<\/tr>\n<\/tbody>\n<\/table>","protected":false},"excerpt":{"rendered":"<p>Couteau de lancer de pr\u00e9cision pour les techniques de lancer en rotation, en rotation invers\u00e9e et de Skanf. Longueur\u00a0: 270\u00a0mm, poids\u00a0: 220\u00a0g, fabriqu\u00e9 en acier \u00e0 ressort trait\u00e9 thermiquement. Id\u00e9al pour l'entra\u00eenement et les comp\u00e9titions \u00e0 moyenne et longue distance.<\/p>","protected":false},"featured_media":709,"comment_status":"open","ping_status":"closed","template":"","meta":{"inline_featured_image":false},"product_brand":[],"product_cat":[22,20],"product_tag":[26,27],"class_list":{"0":"post-573","1":"product","2":"type-product","3":"status-publish","4":"has-post-thumbnail","6":"product_cat-throwing-knife-sets","7":"product_cat-throwing-knives","8":"product_tag-sed-blandit-massa","9":"product_tag-vel-mauris","11":"first","12":"instock","13":"sale","14":"shipping-taxable","15":"purchasable","16":"product-type-simple"},"acf":[],"yoast_head":"<!-- This site is optimized with the Yoast SEO plugin v25.2 - https:\/\/yoast.com\/wordpress\/plugins\/seo\/ -->\n<title>Lider Set of 3 Throwing Knives \u2013 Black Leather Sport Sheath Included, 10.6in (270mm), Swedish Spring Steel by NozhTop - Blade Throwers<\/title>\n<meta name=\"description\" content=\"Shop the Lider set of 3 throwing knives \u2013 270mm (10.6in), 220g each. Designed for spin, reverse-spin &amp; skanf throwing. Includes leather sport sheath.\" \/>\n<meta name=\"robots\" content=\"index, follow, max-snippet:-1, max-image-preview:large, max-video-preview:-1\" \/>\n<link rel=\"canonical\" href=\"https:\/\/bladethrowers.shop\/fr\/product\/lider-throwing-knife-set-leather-sheath\/\" \/>\n<meta property=\"og:locale\" content=\"fr_FR\" \/>\n<meta property=\"og:type\" content=\"article\" \/>\n<meta property=\"og:title\" content=\"Lider Set of 3 Throwing Knives \u2013 Black Leather Sport Sheath Included, 10.6in (270mm), Swedish Spring Steel by NozhTop - Blade Throwers\" \/>\n<meta property=\"og:description\" content=\"Shop the Lider set of 3 throwing knives \u2013 270mm (10.6in), 220g each. Designed for spin, reverse-spin &amp; skanf throwing. Includes leather sport sheath.\" \/>\n<meta property=\"og:url\" content=\"https:\/\/bladethrowers.shop\/fr\/product\/lider-throwing-knife-set-leather-sheath\/\" \/>\n<meta property=\"og:site_name\" content=\"Blade Throwers\" \/>\n<meta property=\"article:modified_time\" content=\"2025-05-16T11:05:39+00:00\" \/>\n<meta property=\"og:image\" content=\"https:\/\/bladethrowers.shop\/wp-content\/uploads\/2025\/05\/15003-1-1024x1024.png\" \/>\n\t<meta property=\"og:image:width\" content=\"1024\" \/>\n\t<meta property=\"og:image:height\" content=\"1024\" \/>\n\t<meta property=\"og:image:type\" content=\"image\/png\" \/>\n<meta name=\"twitter:card\" content=\"summary_large_image\" \/>\n<meta name=\"twitter:label1\" content=\"Dur\u00e9e de lecture estim\u00e9e\" \/>\n\t<meta name=\"twitter:data1\" content=\"1 minute\" \/>\n<script type=\"application\/ld+json\" class=\"yoast-schema-graph\">{\"@context\":\"https:\/\/schema.org\",\"@graph\":[{\"@type\":\"WebPage\",\"@id\":\"https:\/\/bladethrowers.shop\/product\/lider-throwing-knife-set-leather-sheath\/\",\"url\":\"https:\/\/bladethrowers.shop\/product\/lider-throwing-knife-set-leather-sheath\/\",\"name\":\"Lider Set of 3 Throwing Knives \u2013 Black Leather Sport Sheath Included, 10.6in (270mm), Swedish Spring Steel by NozhTop - Blade Throwers\",\"isPartOf\":{\"@id\":\"https:\/\/bladethrowers.shop\/#website\"},\"primaryImageOfPage\":{\"@id\":\"https:\/\/bladethrowers.shop\/product\/lider-throwing-knife-set-leather-sheath\/#primaryimage\"},\"image\":{\"@id\":\"https:\/\/bladethrowers.shop\/product\/lider-throwing-knife-set-leather-sheath\/#primaryimage\"},\"thumbnailUrl\":\"https:\/\/bladethrowers.shop\/wp-content\/uploads\/2025\/05\/15003-1.png\",\"datePublished\":\"2025-05-05T17:27:27+00:00\",\"dateModified\":\"2025-05-16T11:05:39+00:00\",\"description\":\"Shop the Lider set of 3 throwing knives \u2013 270mm (10.6in), 220g each. Designed for spin, reverse-spin & skanf throwing. Includes leather sport sheath.\",\"breadcrumb\":{\"@id\":\"https:\/\/bladethrowers.shop\/product\/lider-throwing-knife-set-leather-sheath\/#breadcrumb\"},\"inLanguage\":\"fr-FR\",\"potentialAction\":[{\"@type\":\"ReadAction\",\"target\":[\"https:\/\/bladethrowers.shop\/product\/lider-throwing-knife-set-leather-sheath\/\"]}]},{\"@type\":\"ImageObject\",\"inLanguage\":\"fr-FR\",\"@id\":\"https:\/\/bladethrowers.shop\/product\/lider-throwing-knife-set-leather-sheath\/#primaryimage\",\"url\":\"https:\/\/bladethrowers.shop\/wp-content\/uploads\/2025\/05\/15003-1.png\",\"contentUrl\":\"https:\/\/bladethrowers.shop\/wp-content\/uploads\/2025\/05\/15003-1.png\",\"width\":1500,\"height\":1500},{\"@type\":\"BreadcrumbList\",\"@id\":\"https:\/\/bladethrowers.shop\/product\/lider-throwing-knife-set-leather-sheath\/#breadcrumb\",\"itemListElement\":[{\"@type\":\"ListItem\",\"position\":1,\"name\":\"\u0413\u043e\u043b\u043e\u0432\u043d\u0430\",\"item\":\"https:\/\/bladethrowers.shop\/\"},{\"@type\":\"ListItem\",\"position\":2,\"name\":\"Shop\",\"item\":\"https:\/\/bladethrowers.shop\/shop\/\"},{\"@type\":\"ListItem\",\"position\":3,\"name\":\"Lider Set of 3 Throwing Knives \u2013 Black Leather Sport Sheath Included, 10.6in (270mm), Swedish Spring Steel by NozhTop\"}]},{\"@type\":\"WebSite\",\"@id\":\"https:\/\/bladethrowers.shop\/#website\",\"url\":\"https:\/\/bladethrowers.shop\/\",\"name\":\"Blade Throwers\",\"description\":\"Throwing Knives and Axes Shop\",\"publisher\":{\"@id\":\"https:\/\/bladethrowers.shop\/#organization\"},\"potentialAction\":[{\"@type\":\"SearchAction\",\"target\":{\"@type\":\"EntryPoint\",\"urlTemplate\":\"https:\/\/bladethrowers.shop\/?s={search_term_string}\"},\"query-input\":{\"@type\":\"PropertyValueSpecification\",\"valueRequired\":true,\"valueName\":\"search_term_string\"}}],\"inLanguage\":\"fr-FR\"},{\"@type\":\"Organization\",\"@id\":\"https:\/\/bladethrowers.shop\/#organization\",\"name\":\"Blade Throwers\",\"url\":\"https:\/\/bladethrowers.shop\/\",\"logo\":{\"@type\":\"ImageObject\",\"inLanguage\":\"fr-FR\",\"@id\":\"https:\/\/bladethrowers.shop\/#\/schema\/logo\/image\/\",\"url\":\"https:\/\/bladethrowers.shop\/wp-content\/uploads\/2025\/05\/photo_2025-05-02_15-29-47-1-1-Photoroom.png\",\"contentUrl\":\"https:\/\/bladethrowers.shop\/wp-content\/uploads\/2025\/05\/photo_2025-05-02_15-29-47-1-1-Photoroom.png\",\"width\":1280,\"height\":790,\"caption\":\"Blade Throwers\"},\"image\":{\"@id\":\"https:\/\/bladethrowers.shop\/#\/schema\/logo\/image\/\"}}]}<\/script>\n<!-- \/ Yoast SEO plugin. -->","yoast_head_json":{"title":"Lider Set of 3 Throwing Knives \u2013 Black Leather Sport Sheath Included, 10.6in (270mm), Swedish Spring Steel by NozhTop - Blade Throwers","description":"Shop the Lider set of 3 throwing knives \u2013 270mm (10.6in), 220g each. Designed for spin, reverse-spin & skanf throwing. Includes leather sport sheath.","robots":{"index":"index","follow":"follow","max-snippet":"max-snippet:-1","max-image-preview":"max-image-preview:large","max-video-preview":"max-video-preview:-1"},"canonical":"https:\/\/bladethrowers.shop\/fr\/product\/lider-throwing-knife-set-leather-sheath\/","og_locale":"fr_FR","og_type":"article","og_title":"Lider Set of 3 Throwing Knives \u2013 Black Leather Sport Sheath Included, 10.6in (270mm), Swedish Spring Steel by NozhTop - Blade Throwers","og_description":"Shop the Lider set of 3 throwing knives \u2013 270mm (10.6in), 220g each. Designed for spin, reverse-spin & skanf throwing. Includes leather sport sheath.","og_url":"https:\/\/bladethrowers.shop\/fr\/product\/lider-throwing-knife-set-leather-sheath\/","og_site_name":"Blade Throwers","article_modified_time":"2025-05-16T11:05:39+00:00","og_image":[{"width":1024,"height":1024,"url":"https:\/\/bladethrowers.shop\/wp-content\/uploads\/2025\/05\/15003-1-1024x1024.png","type":"image\/png"}],"twitter_card":"summary_large_image","twitter_misc":{"Dur\u00e9e de lecture estim\u00e9e":"1 minute"},"schema":{"@context":"https:\/\/schema.org","@graph":[{"@type":"WebPage","@id":"https:\/\/bladethrowers.shop\/product\/lider-throwing-knife-set-leather-sheath\/","url":"https:\/\/bladethrowers.shop\/product\/lider-throwing-knife-set-leather-sheath\/","name":"Lider Set of 3 Throwing Knives \u2013 Black Leather Sport Sheath Included, 10.6in (270mm), Swedish Spring Steel by NozhTop - Blade Throwers","isPartOf":{"@id":"https:\/\/bladethrowers.shop\/#website"},"primaryImageOfPage":{"@id":"https:\/\/bladethrowers.shop\/product\/lider-throwing-knife-set-leather-sheath\/#primaryimage"},"image":{"@id":"https:\/\/bladethrowers.shop\/product\/lider-throwing-knife-set-leather-sheath\/#primaryimage"},"thumbnailUrl":"https:\/\/bladethrowers.shop\/wp-content\/uploads\/2025\/05\/15003-1.png","datePublished":"2025-05-05T17:27:27+00:00","dateModified":"2025-05-16T11:05:39+00:00","description":"Shop the Lider set of 3 throwing knives \u2013 270mm (10.6in), 220g each. Designed for spin, reverse-spin & skanf throwing. Includes leather sport sheath.","breadcrumb":{"@id":"https:\/\/bladethrowers.shop\/product\/lider-throwing-knife-set-leather-sheath\/#breadcrumb"},"inLanguage":"fr-FR","potentialAction":[{"@type":"ReadAction","target":["https:\/\/bladethrowers.shop\/product\/lider-throwing-knife-set-leather-sheath\/"]}]},{"@type":"ImageObject","inLanguage":"fr-FR","@id":"https:\/\/bladethrowers.shop\/product\/lider-throwing-knife-set-leather-sheath\/#primaryimage","url":"https:\/\/bladethrowers.shop\/wp-content\/uploads\/2025\/05\/15003-1.png","contentUrl":"https:\/\/bladethrowers.shop\/wp-content\/uploads\/2025\/05\/15003-1.png","width":1500,"height":1500},{"@type":"BreadcrumbList","@id":"https:\/\/bladethrowers.shop\/product\/lider-throwing-knife-set-leather-sheath\/#breadcrumb","itemListElement":[{"@type":"ListItem","position":1,"name":"\u0413\u043e\u043b\u043e\u0432\u043d\u0430","item":"https:\/\/bladethrowers.shop\/"},{"@type":"ListItem","position":2,"name":"Shop","item":"https:\/\/bladethrowers.shop\/shop\/"},{"@type":"ListItem","position":3,"name":"Lider Set of 3 Throwing Knives \u2013 Black Leather Sport Sheath Included, 10.6in (270mm), Swedish Spring Steel by NozhTop"}]},{"@type":"WebSite","@id":"https:\/\/bladethrowers.shop\/#website","url":"https:\/\/bladethrowers.shop\/","name":"Blade Throwers","description":"Throwing Knives and Axes Shop","publisher":{"@id":"https:\/\/bladethrowers.shop\/#organization"},"potentialAction":[{"@type":"SearchAction","target":{"@type":"EntryPoint","urlTemplate":"https:\/\/bladethrowers.shop\/?s={search_term_string}"},"query-input":{"@type":"PropertyValueSpecification","valueRequired":true,"valueName":"search_term_string"}}],"inLanguage":"fr-FR"},{"@type":"Organization","@id":"https:\/\/bladethrowers.shop\/#organization","name":"Blade Throwers","url":"https:\/\/bladethrowers.shop\/","logo":{"@type":"ImageObject","inLanguage":"fr-FR","@id":"https:\/\/bladethrowers.shop\/#\/schema\/logo\/image\/","url":"https:\/\/bladethrowers.shop\/wp-content\/uploads\/2025\/05\/photo_2025-05-02_15-29-47-1-1-Photoroom.png","contentUrl":"https:\/\/bladethrowers.shop\/wp-content\/uploads\/2025\/05\/photo_2025-05-02_15-29-47-1-1-Photoroom.png","width":1280,"height":790,"caption":"Blade Throwers"},"image":{"@id":"https:\/\/bladethrowers.shop\/#\/schema\/logo\/image\/"}}]}},"_links":{"self":[{"href":"https:\/\/bladethrowers.shop\/fr\/wp-json\/wp\/v2\/product\/573","targetHints":{"allow":["GET"]}}],"collection":[{"href":"https:\/\/bladethrowers.shop\/fr\/wp-json\/wp\/v2\/product"}],"about":[{"href":"https:\/\/bladethrowers.shop\/fr\/wp-json\/wp\/v2\/types\/product"}],"replies":[{"embeddable":true,"href":"https:\/\/bladethrowers.shop\/fr\/wp-json\/wp\/v2\/comments?post=573"}],"wp:featuredmedia":[{"embeddable":true,"href":"https:\/\/bladethrowers.shop\/fr\/wp-json\/wp\/v2\/media\/709"}],"wp:attachment":[{"href":"https:\/\/bladethrowers.shop\/fr\/wp-json\/wp\/v2\/media?parent=573"}],"wp:term":[{"taxonomy":"product_brand","embeddable":true,"href":"https:\/\/bladethrowers.shop\/fr\/wp-json\/wp\/v2\/product_brand?post=573"},{"taxonomy":"product_cat","embeddable":true,"href":"https:\/\/bladethrowers.shop\/fr\/wp-json\/wp\/v2\/product_cat?post=573"},{"taxonomy":"product_tag","embeddable":true,"href":"https:\/\/bladethrowers.shop\/fr\/wp-json\/wp\/v2\/product_tag?post=573"}],"curies":[{"name":"wp","href":"https:\/\/api.w.org\/{rel}","templated":true}]}}