{"id":954,"date":"2025-05-12T15:25:16","date_gmt":"2025-05-12T15:25:16","guid":{"rendered":"https:\/\/bladethrowers.shop\/?post_type=product&#038;p=954"},"modified":"2025-05-13T17:10:23","modified_gmt":"2025-05-13T17:10:23","slug":"wedge-slim-no-spin-throwing-knife-280mm-220g","status":"publish","type":"product","link":"https:\/\/bladethrowers.shop\/fr\/product\/wedge-slim-no-spin-throwing-knife-280mm-220g\/","title":{"rendered":"Couteau de lancer Wedge Slim No-Spin - 280mm (11in), 220g, 6mm d'\u00e9paisseur, acier carbone, Stonewash by NozhTop"},"content":{"rendered":"<p>Wedge Slim No-Spin Throwing Knife by NozhTop - un outil \u00e9l\u00e9gant et sym\u00e9trique con\u00e7u pour le contr\u00f4le et la r\u00e9gularit\u00e9.<\/p>\n<p>Cette version plus fine de notre c\u00e9l\u00e8bre couteau Wedge conserve le m\u00eame \u00e9quilibre sym\u00e9trique et la m\u00eame sensation intuitive, avec un poids r\u00e9duit et un profil plus fin pour un d\u00e9clenchement plus rapide et une plus grande maniabilit\u00e9.<\/p>\n<p>Fabriqu\u00e9 \u00e0 la main en Ukraine, le Wedge Slim est id\u00e9al pour les styles de lancer sans vrille, instinctif et SKANF. Avec une longueur de 280 mm, un poids de 220 g et un dos de 6 mm d'\u00e9paisseur, il offre un excellent contr\u00f4le tout en conservant un fort pouvoir d'adh\u00e9rence.<\/p>\n<p>La finition stonewashed lui conf\u00e8re une grande durabilit\u00e9 et une sensation de s\u00e9curit\u00e9 en main, m\u00eame lors d'encha\u00eenements rapides. Que vous soyez novice en mati\u00e8re de lancer de couteaux ou que vous perfectionniez votre technique, ce couteau trouve l'\u00e9quilibre entre la pr\u00e9cision et la simplicit\u00e9.<\/p>\n<p>Toujours en stock. Exp\u00e9dition dans les 48 heures suivant le paiement.<\/p>\n<h4>Caract\u00e9ristiques principales<\/h4>\n<ul>\n<li>Design fin et sym\u00e9trique pour un contr\u00f4le facile<\/li>\n<li>Optimis\u00e9 pour les lancers sans vrille, SKANF et instinctifs.<\/li>\n<li>L\u00e9ger mais stable pour un vol pr\u00e9cis<\/li>\n<li>6 mm d'\u00e9paisseur pour une bonne prise en main et de bonnes performances<\/li>\n<li>La finition lapidaire am\u00e9liore la durabilit\u00e9 et l'adh\u00e9rence.<\/li>\n<\/ul>\n<h4>Sp\u00e9cifications techniques<\/h4>\n<table>\n<tbody>\n<tr>\n<td><strong>Weight<\/strong><\/td>\n<td>220 g \/ 7.8 oz<\/td>\n<\/tr>\n<tr>\n<td><strong>Longueur totale<\/strong><\/td>\n<td>11 in \/ 280 mm<\/td>\n<\/tr>\n<tr>\n<td><strong>\u00c9paisseur de la lame<\/strong><\/td>\n<td>0.24 in \/ 6 mm<\/td>\n<\/tr>\n<tr>\n<td><strong>Mat\u00e9riel<\/strong><\/td>\n<td>Acier au carbone \u00e0 ressort fabriqu\u00e9 \u00e0 la main<\/td>\n<\/tr>\n<tr>\n<td><strong>Style de lancer<\/strong><\/td>\n<td>No-spin, SKANF, instinctif<\/td>\n<\/tr>\n<tr>\n<td><strong>Finition<\/strong><\/td>\n<td>Lav\u00e9 \u00e0 la pierre<\/td>\n<\/tr>\n<tr>\n<td><strong>Fourreau<\/strong><\/td>\n<td>Non inclus (vendu s\u00e9par\u00e9ment)<\/td>\n<\/tr>\n<\/tbody>\n<\/table>","protected":false},"excerpt":{"rendered":"<p>Wedge Slim by NozhTop - Couteau de lancer de 280mm, 220g avec un acier au carbone de 6mm d'\u00e9paisseur. Fabriqu\u00e9 \u00e0 la main en Ukraine pour les lancers sans rotation, SKANF et instinctifs. Exp\u00e9dition sous 48 heures.<\/p>","protected":false},"featured_media":948,"comment_status":"open","ping_status":"closed","template":"","meta":{"inline_featured_image":false},"product_brand":[],"product_cat":[20],"product_tag":[110,497,216,522,218,518,101,162,129,519,521,520,517],"class_list":{"0":"post-954","1":"product","2":"type-product","3":"status-publish","4":"has-post-thumbnail","6":"product_cat-throwing-knives","7":"product_tag-220g-knife","8":"product_tag-280mm-blade","9":"product_tag-carbon-steel-knife","10":"product_tag-durable-throwing-blade","11":"product_tag-handmade-knife","12":"product_tag-instinctive-knife","13":"product_tag-no-spin-throwing","14":"product_tag-nozhtop-knife","15":"product_tag-skanf-throwing","16":"product_tag-slim-throwing-knife","17":"product_tag-stonewashed-finish","18":"product_tag-ukrainian-knife","19":"product_tag-wedge-slim-knife","21":"first","22":"instock","23":"sale","24":"shipping-taxable","25":"purchasable","26":"product-type-simple"},"acf":[],"yoast_head":"<!-- This site is optimized with the Yoast SEO plugin v25.2 - https:\/\/yoast.com\/wordpress\/plugins\/seo\/ -->\n<title>Wedge Slim No-Spin Throwing Knife \u2013 280mm (11in), 220g, 6mm Thick, Carbon Steel, Stonewash by NozhTop - Blade Throwers<\/title>\n<meta name=\"description\" content=\"Wedge Slim \u2013 280mm, 220g throwing knife with 6mm thick carbon steel. Handmade in Ukraine for no-spin and instinctive throwing. Ships within 48 hours.\" \/>\n<meta name=\"robots\" content=\"index, follow, max-snippet:-1, max-image-preview:large, max-video-preview:-1\" \/>\n<link rel=\"canonical\" href=\"https:\/\/bladethrowers.shop\/fr\/product\/wedge-slim-no-spin-throwing-knife-280mm-220g\/\" \/>\n<meta property=\"og:locale\" content=\"fr_FR\" \/>\n<meta property=\"og:type\" content=\"article\" \/>\n<meta property=\"og:title\" content=\"Wedge Slim No-Spin Throwing Knife \u2013 280mm (11in), 220g, 6mm Thick, Carbon Steel, Stonewash by NozhTop - Blade Throwers\" \/>\n<meta property=\"og:description\" content=\"Wedge Slim \u2013 280mm, 220g throwing knife with 6mm thick carbon steel. Handmade in Ukraine for no-spin and instinctive throwing. Ships within 48 hours.\" \/>\n<meta property=\"og:url\" content=\"https:\/\/bladethrowers.shop\/fr\/product\/wedge-slim-no-spin-throwing-knife-280mm-220g\/\" \/>\n<meta property=\"og:site_name\" content=\"Blade Throwers\" \/>\n<meta property=\"article:modified_time\" content=\"2025-05-13T17:10:23+00:00\" \/>\n<meta property=\"og:image\" content=\"https:\/\/bladethrowers.shop\/wp-content\/uploads\/2025\/05\/IMG_20240323_113344.jpg\" \/>\n\t<meta property=\"og:image:width\" content=\"1994\" \/>\n\t<meta property=\"og:image:height\" content=\"1994\" \/>\n\t<meta property=\"og:image:type\" content=\"image\/jpeg\" \/>\n<meta name=\"twitter:card\" content=\"summary_large_image\" \/>\n<meta name=\"twitter:label1\" content=\"Dur\u00e9e de lecture estim\u00e9e\" \/>\n\t<meta name=\"twitter:data1\" content=\"2 minutes\" \/>\n<script type=\"application\/ld+json\" class=\"yoast-schema-graph\">{\"@context\":\"https:\/\/schema.org\",\"@graph\":[{\"@type\":\"WebPage\",\"@id\":\"https:\/\/bladethrowers.shop\/product\/wedge-slim-no-spin-throwing-knife-280mm-220g\/\",\"url\":\"https:\/\/bladethrowers.shop\/product\/wedge-slim-no-spin-throwing-knife-280mm-220g\/\",\"name\":\"Wedge Slim No-Spin Throwing Knife \u2013 280mm (11in), 220g, 6mm Thick, Carbon Steel, Stonewash by NozhTop - Blade Throwers\",\"isPartOf\":{\"@id\":\"https:\/\/bladethrowers.shop\/#website\"},\"primaryImageOfPage\":{\"@id\":\"https:\/\/bladethrowers.shop\/product\/wedge-slim-no-spin-throwing-knife-280mm-220g\/#primaryimage\"},\"image\":{\"@id\":\"https:\/\/bladethrowers.shop\/product\/wedge-slim-no-spin-throwing-knife-280mm-220g\/#primaryimage\"},\"thumbnailUrl\":\"https:\/\/bladethrowers.shop\/wp-content\/uploads\/2025\/05\/IMG_20240323_113344.jpg\",\"datePublished\":\"2025-05-12T15:25:16+00:00\",\"dateModified\":\"2025-05-13T17:10:23+00:00\",\"description\":\"Wedge Slim \u2013 280mm, 220g throwing knife with 6mm thick carbon steel. Handmade in Ukraine for no-spin and instinctive throwing. Ships within 48 hours.\",\"breadcrumb\":{\"@id\":\"https:\/\/bladethrowers.shop\/product\/wedge-slim-no-spin-throwing-knife-280mm-220g\/#breadcrumb\"},\"inLanguage\":\"fr-FR\",\"potentialAction\":[{\"@type\":\"ReadAction\",\"target\":[\"https:\/\/bladethrowers.shop\/product\/wedge-slim-no-spin-throwing-knife-280mm-220g\/\"]}]},{\"@type\":\"ImageObject\",\"inLanguage\":\"fr-FR\",\"@id\":\"https:\/\/bladethrowers.shop\/product\/wedge-slim-no-spin-throwing-knife-280mm-220g\/#primaryimage\",\"url\":\"https:\/\/bladethrowers.shop\/wp-content\/uploads\/2025\/05\/IMG_20240323_113344.jpg\",\"contentUrl\":\"https:\/\/bladethrowers.shop\/wp-content\/uploads\/2025\/05\/IMG_20240323_113344.jpg\",\"width\":1994,\"height\":1994},{\"@type\":\"BreadcrumbList\",\"@id\":\"https:\/\/bladethrowers.shop\/product\/wedge-slim-no-spin-throwing-knife-280mm-220g\/#breadcrumb\",\"itemListElement\":[{\"@type\":\"ListItem\",\"position\":1,\"name\":\"\u0413\u043e\u043b\u043e\u0432\u043d\u0430\",\"item\":\"https:\/\/bladethrowers.shop\/\"},{\"@type\":\"ListItem\",\"position\":2,\"name\":\"Shop\",\"item\":\"https:\/\/bladethrowers.shop\/shop\/\"},{\"@type\":\"ListItem\",\"position\":3,\"name\":\"Wedge Slim No-Spin Throwing Knife \u2013 280mm (11in), 220g, 6mm Thick, Carbon Steel, Stonewash by NozhTop\"}]},{\"@type\":\"WebSite\",\"@id\":\"https:\/\/bladethrowers.shop\/#website\",\"url\":\"https:\/\/bladethrowers.shop\/\",\"name\":\"Blade Throwers\",\"description\":\"Throwing Knives and Axes Shop\",\"publisher\":{\"@id\":\"https:\/\/bladethrowers.shop\/#organization\"},\"potentialAction\":[{\"@type\":\"SearchAction\",\"target\":{\"@type\":\"EntryPoint\",\"urlTemplate\":\"https:\/\/bladethrowers.shop\/?s={search_term_string}\"},\"query-input\":{\"@type\":\"PropertyValueSpecification\",\"valueRequired\":true,\"valueName\":\"search_term_string\"}}],\"inLanguage\":\"fr-FR\"},{\"@type\":\"Organization\",\"@id\":\"https:\/\/bladethrowers.shop\/#organization\",\"name\":\"Blade Throwers\",\"url\":\"https:\/\/bladethrowers.shop\/\",\"logo\":{\"@type\":\"ImageObject\",\"inLanguage\":\"fr-FR\",\"@id\":\"https:\/\/bladethrowers.shop\/#\/schema\/logo\/image\/\",\"url\":\"https:\/\/bladethrowers.shop\/wp-content\/uploads\/2025\/05\/photo_2025-05-02_15-29-47-1-1-Photoroom.png\",\"contentUrl\":\"https:\/\/bladethrowers.shop\/wp-content\/uploads\/2025\/05\/photo_2025-05-02_15-29-47-1-1-Photoroom.png\",\"width\":1280,\"height\":790,\"caption\":\"Blade Throwers\"},\"image\":{\"@id\":\"https:\/\/bladethrowers.shop\/#\/schema\/logo\/image\/\"}}]}<\/script>\n<!-- \/ Yoast SEO plugin. -->","yoast_head_json":{"title":"Wedge Slim No-Spin Throwing Knife \u2013 280mm (11in), 220g, 6mm Thick, Carbon Steel, Stonewash by NozhTop - Blade Throwers","description":"Wedge Slim \u2013 280mm, 220g throwing knife with 6mm thick carbon steel. Handmade in Ukraine for no-spin and instinctive throwing. Ships within 48 hours.","robots":{"index":"index","follow":"follow","max-snippet":"max-snippet:-1","max-image-preview":"max-image-preview:large","max-video-preview":"max-video-preview:-1"},"canonical":"https:\/\/bladethrowers.shop\/fr\/product\/wedge-slim-no-spin-throwing-knife-280mm-220g\/","og_locale":"fr_FR","og_type":"article","og_title":"Wedge Slim No-Spin Throwing Knife \u2013 280mm (11in), 220g, 6mm Thick, Carbon Steel, Stonewash by NozhTop - Blade Throwers","og_description":"Wedge Slim \u2013 280mm, 220g throwing knife with 6mm thick carbon steel. Handmade in Ukraine for no-spin and instinctive throwing. Ships within 48 hours.","og_url":"https:\/\/bladethrowers.shop\/fr\/product\/wedge-slim-no-spin-throwing-knife-280mm-220g\/","og_site_name":"Blade Throwers","article_modified_time":"2025-05-13T17:10:23+00:00","og_image":[{"width":1994,"height":1994,"url":"https:\/\/bladethrowers.shop\/wp-content\/uploads\/2025\/05\/IMG_20240323_113344.jpg","type":"image\/jpeg"}],"twitter_card":"summary_large_image","twitter_misc":{"Dur\u00e9e de lecture estim\u00e9e":"2 minutes"},"schema":{"@context":"https:\/\/schema.org","@graph":[{"@type":"WebPage","@id":"https:\/\/bladethrowers.shop\/product\/wedge-slim-no-spin-throwing-knife-280mm-220g\/","url":"https:\/\/bladethrowers.shop\/product\/wedge-slim-no-spin-throwing-knife-280mm-220g\/","name":"Wedge Slim No-Spin Throwing Knife \u2013 280mm (11in), 220g, 6mm Thick, Carbon Steel, Stonewash by NozhTop - Blade Throwers","isPartOf":{"@id":"https:\/\/bladethrowers.shop\/#website"},"primaryImageOfPage":{"@id":"https:\/\/bladethrowers.shop\/product\/wedge-slim-no-spin-throwing-knife-280mm-220g\/#primaryimage"},"image":{"@id":"https:\/\/bladethrowers.shop\/product\/wedge-slim-no-spin-throwing-knife-280mm-220g\/#primaryimage"},"thumbnailUrl":"https:\/\/bladethrowers.shop\/wp-content\/uploads\/2025\/05\/IMG_20240323_113344.jpg","datePublished":"2025-05-12T15:25:16+00:00","dateModified":"2025-05-13T17:10:23+00:00","description":"Wedge Slim \u2013 280mm, 220g throwing knife with 6mm thick carbon steel. Handmade in Ukraine for no-spin and instinctive throwing. Ships within 48 hours.","breadcrumb":{"@id":"https:\/\/bladethrowers.shop\/product\/wedge-slim-no-spin-throwing-knife-280mm-220g\/#breadcrumb"},"inLanguage":"fr-FR","potentialAction":[{"@type":"ReadAction","target":["https:\/\/bladethrowers.shop\/product\/wedge-slim-no-spin-throwing-knife-280mm-220g\/"]}]},{"@type":"ImageObject","inLanguage":"fr-FR","@id":"https:\/\/bladethrowers.shop\/product\/wedge-slim-no-spin-throwing-knife-280mm-220g\/#primaryimage","url":"https:\/\/bladethrowers.shop\/wp-content\/uploads\/2025\/05\/IMG_20240323_113344.jpg","contentUrl":"https:\/\/bladethrowers.shop\/wp-content\/uploads\/2025\/05\/IMG_20240323_113344.jpg","width":1994,"height":1994},{"@type":"BreadcrumbList","@id":"https:\/\/bladethrowers.shop\/product\/wedge-slim-no-spin-throwing-knife-280mm-220g\/#breadcrumb","itemListElement":[{"@type":"ListItem","position":1,"name":"\u0413\u043e\u043b\u043e\u0432\u043d\u0430","item":"https:\/\/bladethrowers.shop\/"},{"@type":"ListItem","position":2,"name":"Shop","item":"https:\/\/bladethrowers.shop\/shop\/"},{"@type":"ListItem","position":3,"name":"Wedge Slim No-Spin Throwing Knife \u2013 280mm (11in), 220g, 6mm Thick, Carbon Steel, Stonewash by NozhTop"}]},{"@type":"WebSite","@id":"https:\/\/bladethrowers.shop\/#website","url":"https:\/\/bladethrowers.shop\/","name":"Blade Throwers","description":"Throwing Knives and Axes Shop","publisher":{"@id":"https:\/\/bladethrowers.shop\/#organization"},"potentialAction":[{"@type":"SearchAction","target":{"@type":"EntryPoint","urlTemplate":"https:\/\/bladethrowers.shop\/?s={search_term_string}"},"query-input":{"@type":"PropertyValueSpecification","valueRequired":true,"valueName":"search_term_string"}}],"inLanguage":"fr-FR"},{"@type":"Organization","@id":"https:\/\/bladethrowers.shop\/#organization","name":"Blade Throwers","url":"https:\/\/bladethrowers.shop\/","logo":{"@type":"ImageObject","inLanguage":"fr-FR","@id":"https:\/\/bladethrowers.shop\/#\/schema\/logo\/image\/","url":"https:\/\/bladethrowers.shop\/wp-content\/uploads\/2025\/05\/photo_2025-05-02_15-29-47-1-1-Photoroom.png","contentUrl":"https:\/\/bladethrowers.shop\/wp-content\/uploads\/2025\/05\/photo_2025-05-02_15-29-47-1-1-Photoroom.png","width":1280,"height":790,"caption":"Blade Throwers"},"image":{"@id":"https:\/\/bladethrowers.shop\/#\/schema\/logo\/image\/"}}]}},"_links":{"self":[{"href":"https:\/\/bladethrowers.shop\/fr\/wp-json\/wp\/v2\/product\/954","targetHints":{"allow":["GET"]}}],"collection":[{"href":"https:\/\/bladethrowers.shop\/fr\/wp-json\/wp\/v2\/product"}],"about":[{"href":"https:\/\/bladethrowers.shop\/fr\/wp-json\/wp\/v2\/types\/product"}],"replies":[{"embeddable":true,"href":"https:\/\/bladethrowers.shop\/fr\/wp-json\/wp\/v2\/comments?post=954"}],"wp:featuredmedia":[{"embeddable":true,"href":"https:\/\/bladethrowers.shop\/fr\/wp-json\/wp\/v2\/media\/948"}],"wp:attachment":[{"href":"https:\/\/bladethrowers.shop\/fr\/wp-json\/wp\/v2\/media?parent=954"}],"wp:term":[{"taxonomy":"product_brand","embeddable":true,"href":"https:\/\/bladethrowers.shop\/fr\/wp-json\/wp\/v2\/product_brand?post=954"},{"taxonomy":"product_cat","embeddable":true,"href":"https:\/\/bladethrowers.shop\/fr\/wp-json\/wp\/v2\/product_cat?post=954"},{"taxonomy":"product_tag","embeddable":true,"href":"https:\/\/bladethrowers.shop\/fr\/wp-json\/wp\/v2\/product_tag?post=954"}],"curies":[{"name":"wp","href":"https:\/\/api.w.org\/{rel}","templated":true}]}}